{"id":22,"date":"2014-04-24T20:59:00","date_gmt":"2014-04-24T19:59:00","guid":{"rendered":"http:\/\/www.anacrouse-celtique.fr\/?page_id=22"},"modified":"2020-02-21T22:23:08","modified_gmt":"2020-02-21T21:23:08","slug":"et-sur-scene","status":"publish","type":"page","link":"http:\/\/micheleleho.fr\/Anacrouse\/?page_id=22","title":{"rendered":"Et sur sc\u00e8ne !"},"content":{"rendered":"\n<div class=\"wp-block-columns is-layout-flex wp-container-core-columns-is-layout-9d6595d7 wp-block-columns-is-layout-flex\">\n<div class=\"wp-block-column is-layout-flow wp-block-column-is-layout-flow\">\n<h3 class=\"has-text-align-center wp-block-heading\">LAURENT CHEYSSIAL <\/h3>\n\n\n\n<div class=\"wp-block-image\"><figure class=\"aligncenter size-large is-resized\"><img loading=\"lazy\" decoding=\"async\" src=\"http:\/\/micheleleho.fr\/Anacrouse\/wp-content\/uploads\/Laurent-Page-et-sur-scene.jpg\" alt=\"\" class=\"wp-image-155\" width=\"161\" height=\"207\"\/><\/figure><\/div>\n\n\n\n<p>3 comme le triskell qui symbolise les 3 \u00e9l\u00e9ments universels du monde celtique : l\u2019eau, le feu\u2026 et le cidre brut.<\/p>\n\n\n\n<p>Travaillant \u00e0 la SAUR, l\u2019eau&#8230; c\u2019est son \nm\u00e9tier\u2026 Ce qui est aberrant pour un Breton qui se respecte ! Tomb\u00e9 dans \nun tonneau de chouch\u00eane quand il \u00e9tait petit, 2 fois et demie la taille \nde notre Nicolas de Pr\u00e9sident, il a de Johnny Hallyday la transpiration,\n et de Fernandel le sourire chevalin ! Au hautbois sans soif, fl\u00fbtes au \nsel de Gu\u00e9rande, cornemuse, grailla et autres instruments qui \nterrorisent les casques des sonorisateurs les plus aguerris :<\/p>\n\n\n\n<p><strong>LAURENT CHEYSSIAL !<\/strong><\/p>\n<\/div>\n\n\n\n<div class=\"wp-block-column is-layout-flow wp-block-column-is-layout-flow\">\n<h3 class=\"has-text-align-center wp-block-heading\">MICH\u00c8LE L\u00c9HO <\/h3>\n\n\n\n<div class=\"wp-block-image\"><figure class=\"aligncenter size-large is-resized\"><img loading=\"lazy\" decoding=\"async\" src=\"http:\/\/micheleleho.fr\/Anacrouse\/wp-content\/uploads\/Michele-Page-et-sur-scene.jpg\" alt=\"\" class=\"wp-image-154\" width=\"149\" height=\"206\"\/><\/figure><\/div>\n\n\n\n<p>Certains la comparent \u00e0 Janis Joplin, d\u2019autres\n \u00e0 R\u00e9gine. Le monde entier nous envie sa recette de steak-hach\u00e9\/salade. \nMuse \u00e0 fort temp\u00e9rament, car parfois la muse gueule\u2026 En dehors \nd\u2019Anacrouse, elle fait aussi \u2026 de la chanson de qualit\u00e9. Chanteuse \nrespect\u00e9e du show-biz puisque Hugues Aufray lui a offert ses bottes ; \nson harmo est un cadeau d\u2019Antoine ; son boum son gling et son kazoo lui \nviennent de R\u00e9mi Brica ! A la guitare \u00e0 douces cordes, guitare \n\u00e9clectique (comme en t\u00e9moignent ses 12 kg de r\u00e9pertoires), harmonicas, \nboum, gling, voix lact\u00e9e et oeil de velours ; notre seule chanteuse \u00e0 la\n voix Ferr\u00e9 :  <\/p>\n\n\n\n<p><strong>MICH\u00c8LE L\u00c9HO !<\/strong><\/p>\n<\/div>\n\n\n\n<div class=\"wp-block-column is-layout-flow wp-block-column-is-layout-flow\">\n<h3 class=\"has-text-align-center wp-block-heading\"> BILLY <\/h3>\n\n\n\n<div class=\"wp-block-image\"><figure class=\"aligncenter size-large is-resized\"><img loading=\"lazy\" decoding=\"async\" src=\"http:\/\/micheleleho.fr\/Anacrouse\/wp-content\/uploads\/Billy-Page-et-sur-scene.jpg\" alt=\"\" class=\"wp-image-153\" width=\"147\" height=\"207\"\/><\/figure><\/div>\n\n\n\n<p>On le compare \u00e0 Renaud, John Lennon, ou \nSylvester Stalone \u00e0 cause de sa musculature. Le seul Breton 100 % \noccitan, \u00e9lev\u00e9 \u00e0 la brandade sous la mer. Il ne pr\u00eate \u00e0 personne sa \n\u00abboite \u00e0 frissons\u00bb, puisque comme il dit : soufflet n\u2019est pas jouet ! \nSes jeux de mots sont c\u00e9l\u00e8bres jusqu\u2019aux fronti\u00e8res de Courbessac. Au \npiano du pauvre, \u00e0 l\u2019harmonica du riche, \u00e0 l\u2019accord\u00e9on diabolique :  <\/p>\n\n\n\n<p><strong>BILLY !<\/strong><\/p>\n<\/div>\n<\/div>\n","protected":false},"excerpt":{"rendered":"<p>LAURENT CHEYSSIAL 3 comme le triskell qui symbolise les 3 \u00e9l\u00e9ments universels du monde celtique : l\u2019eau, le feu\u2026 et le cidre brut. Travaillant \u00e0 la SAUR, l\u2019eau&#8230; c\u2019est son <a href=\"http:\/\/micheleleho.fr\/Anacrouse\/?page_id=22\" class=\"more-link\">[&hellip;]<\/a><\/p>\n","protected":false},"author":1,"featured_media":0,"parent":0,"menu_order":0,"comment_status":"open","ping_status":"open","template":"","meta":{"advgb_blocks_editor_width":"","advgb_blocks_columns_visual_guide":"","Layout":"","footnotes":""},"class_list":["entry","author-admin","post-22","page","type-page","status-publish"],"coauthors":[],"author_meta":{"author_link":"http:\/\/micheleleho.fr\/Anacrouse\/?author=1","display_name":"admin"},"relative_dates":{"created":"Publi\u00e9 12 ans il y a","modified":"Mis \u00e0 jour 6 ans il y a"},"absolute_dates":{"created":"Publi\u00e9 le 24 avril 2014","modified":"Mise \u00e0 jour le 21 f\u00e9vrier 2020"},"absolute_dates_time":{"created":"Publi\u00e9 le 24 avril 2014 20 h 59 min","modified":"Mise \u00e0 jour le 21 f\u00e9vrier 2020 22 h 23 min"},"featured_img_caption":"","featured_img":false,"series_order":"","_links":{"self":[{"href":"http:\/\/micheleleho.fr\/Anacrouse\/index.php?rest_route=\/wp\/v2\/pages\/22","targetHints":{"allow":["GET"]}}],"collection":[{"href":"http:\/\/micheleleho.fr\/Anacrouse\/index.php?rest_route=\/wp\/v2\/pages"}],"about":[{"href":"http:\/\/micheleleho.fr\/Anacrouse\/index.php?rest_route=\/wp\/v2\/types\/page"}],"author":[{"embeddable":true,"href":"http:\/\/micheleleho.fr\/Anacrouse\/index.php?rest_route=\/wp\/v2\/users\/1"}],"replies":[{"embeddable":true,"href":"http:\/\/micheleleho.fr\/Anacrouse\/index.php?rest_route=%2Fwp%2Fv2%2Fcomments&post=22"}],"version-history":[{"count":13,"href":"http:\/\/micheleleho.fr\/Anacrouse\/index.php?rest_route=\/wp\/v2\/pages\/22\/revisions"}],"predecessor-version":[{"id":536,"href":"http:\/\/micheleleho.fr\/Anacrouse\/index.php?rest_route=\/wp\/v2\/pages\/22\/revisions\/536"}],"wp:attachment":[{"href":"http:\/\/micheleleho.fr\/Anacrouse\/index.php?rest_route=%2Fwp%2Fv2%2Fmedia&parent=22"}],"curies":[{"name":"wp","href":"https:\/\/api.w.org\/{rel}","templated":true}]}}