{"id":27,"date":"2014-04-24T21:06:13","date_gmt":"2014-04-24T20:06:13","guid":{"rendered":"http:\/\/www.anacrouse-celtique.fr\/?page_id=27"},"modified":"2020-02-21T22:27:30","modified_gmt":"2020-02-21T21:27:30","slug":"extraits-audio-et-video","status":"publish","type":"page","link":"http:\/\/micheleleho.fr\/Anacrouse\/?page_id=27","title":{"rendered":"Discographie, extraits et vid\u00e9os"},"content":{"rendered":"\n<div class=\"wp-block-columns is-layout-flex wp-container-core-columns-is-layout-9d6595d7 wp-block-columns-is-layout-flex\">\n<div class=\"wp-block-column is-layout-flow wp-block-column-is-layout-flow\" style=\"flex-basis:33.33%\">\n<figure class=\"wp-block-image size-large\"><img loading=\"lazy\" decoding=\"async\" width=\"491\" height=\"491\" src=\"http:\/\/micheleleho.fr\/Anacrouse\/wp-content\/uploads\/P-1-uniquement-pour-la-presse.jpg\" alt=\"\" class=\"wp-image-151\" srcset=\"http:\/\/micheleleho.fr\/Anacrouse\/wp-content\/uploads\/P-1-uniquement-pour-la-presse.jpg 491w, http:\/\/micheleleho.fr\/Anacrouse\/wp-content\/uploads\/P-1-uniquement-pour-la-presse-150x150.jpg 150w, http:\/\/micheleleho.fr\/Anacrouse\/wp-content\/uploads\/P-1-uniquement-pour-la-presse-300x300.jpg 300w\" sizes=\"auto, (max-width: 491px) 100vw, 491px\" \/><\/figure>\n<\/div>\n\n\n\n<div class=\"wp-block-column is-layout-flow wp-block-column-is-layout-flow\" style=\"flex-basis:66.66%\">\n<h4 class=\"wp-block-heading\">\u00ab\u00a0Et a\u00efe donc !&#8230;\u00a0\u00bb<\/h4>\n\n\n\n<h3 class=\"wp-block-heading\">Vente de CD<\/h3>\n\n\n\n<p>\u00ab\u00a0Et a\u00efe donc !&#8230;\u00a0\u00bb : 10 \u20ac (+ 2 \u20ac de frais de port)<\/p>\n\n\n\n<p>Pour toute commande, envoyez un mail (en pr\u00e9cisant l&rsquo;adresse d&rsquo;exp\u00e9dition) \u00e0 :<br><a href=\"mailto:chansonsurscene@gmail.com\">chansonsurscene@gmail.com<\/a><\/p>\n\n\n\n<p>Envoi du CD sous 48 h \u00e0 r\u00e9ception du r\u00e8glement.<\/p>\n<\/div>\n<\/div>\n\n\n\n<div class=\"wp-block-columns is-layout-flex wp-container-core-columns-is-layout-9d6595d7 wp-block-columns-is-layout-flex\">\n<div class=\"wp-block-column is-layout-flow wp-block-column-is-layout-flow\">\n<h3 class=\"wp-block-heading\"> Extraits audio en live <\/h3>\n\n\n<div class=\"wp-playlist wp-audio-playlist wp-playlist-light\">\n\t\t\t<div class=\"wp-playlist-current-item\"><\/div>\n\t\t<audio controls=\"controls\" preload=\"none\" width=\"1003\"\n\t\t\t><\/audio>\n\t<div class=\"wp-playlist-next\"><\/div>\n\t<div class=\"wp-playlist-prev\"><\/div>\n\t<noscript>\n\t<ol>\n\t\t<li><a href='http:\/\/micheleleho.fr\/Anacrouse\/wp-content\/uploads\/sur_le_pont_de_nantes.mp3'>Sur le Pont de Nantes<\/a><\/li><li><a href='http:\/\/micheleleho.fr\/Anacrouse\/wp-content\/uploads\/kas_a_bahr_du_porc.mp3'>Kasabahr du porc<\/a><\/li><li><a href='http:\/\/micheleleho.fr\/Anacrouse\/wp-content\/uploads\/l_alouette.mp3'>L'alouette<\/a><\/li><li><a href='http:\/\/micheleleho.fr\/Anacrouse\/wp-content\/uploads\/trikott_2.mp3'>Trikott 2 maille<\/a><\/li><li><a href='http:\/\/micheleleho.fr\/Anacrouse\/wp-content\/uploads\/l_estaque.mp3'>L'Estaque<\/a><\/li><li><a href='http:\/\/micheleleho.fr\/Anacrouse\/wp-content\/uploads\/le_riche_marchand.mp3'>Le riche marchand<\/a><\/li><li><a href='http:\/\/micheleleho.fr\/Anacrouse\/wp-content\/uploads\/cercle_bretons_disparus.mp3'>Cercle des bretons disparus<\/a><\/li><li><a href='http:\/\/micheleleho.fr\/Anacrouse\/wp-content\/uploads\/pach_pi.mp3'>Pach Pi<\/a><\/li><li><a href='http:\/\/micheleleho.fr\/Anacrouse\/wp-content\/uploads\/resignation.mp3'>R\u00e9signation<\/a><\/li><li><a href='http:\/\/micheleleho.fr\/Anacrouse\/wp-content\/uploads\/gavotte_maluzerne_bal.mp3'>Gavotte Maluzerne<\/a><\/li><li><a href='http:\/\/micheleleho.fr\/Anacrouse\/wp-content\/uploads\/la_valse_du_grand_banc.mp3'>La Valse du grand banc<\/a><\/li><li><a href='http:\/\/micheleleho.fr\/Anacrouse\/wp-content\/uploads\/l_amant_decu.mp3'>L'amant d\u00e9\u00e7u<\/a><\/li><li><a href='http:\/\/micheleleho.fr\/Anacrouse\/wp-content\/uploads\/amasing_grace.mp3'>Amasing Grace<\/a><\/li>\t<\/ol>\n\t<\/noscript>\n\t<script type=\"application\/json\" class=\"wp-playlist-script\">{\"type\":\"audio\",\"tracklist\":true,\"tracknumbers\":true,\"images\":true,\"artists\":true,\"tracks\":[{\"src\":\"http:\/\/micheleleho.fr\/Anacrouse\/wp-content\/uploads\/sur_le_pont_de_nantes.mp3\",\"type\":\"audio\/mpeg\",\"title\":\"Sur le Pont de Nantes\",\"caption\":\"\",\"description\":\"\\u003Ci\\u003ESur le Pont de Nantes\\u003C\/i\\u003E par Anacrouse.\",\"meta\":{\"artist\":\"Anacrouse\",\"length_formatted\":\"1:02\"},\"image\":{\"src\":\"http:\/\/micheleleho.fr\/Anacrouse\/wp-includes\/images\/media\/audio.svg\",\"width\":48,\"height\":64},\"thumb\":{\"src\":\"http:\/\/micheleleho.fr\/Anacrouse\/wp-includes\/images\/media\/audio.svg\",\"width\":48,\"height\":64}},{\"src\":\"http:\/\/micheleleho.fr\/Anacrouse\/wp-content\/uploads\/kas_a_bahr_du_porc.mp3\",\"type\":\"audio\/mpeg\",\"title\":\"Kasabahr du porc\",\"caption\":\"\",\"description\":\"\\u003Ci\\u003EKasabahr du porc\\u003C\/i\\u003E par Anacrouse.\",\"meta\":{\"artist\":\"Anacrouse\",\"length_formatted\":\"4:34\"},\"image\":{\"src\":\"http:\/\/micheleleho.fr\/Anacrouse\/wp-includes\/images\/media\/audio.svg\",\"width\":48,\"height\":64},\"thumb\":{\"src\":\"http:\/\/micheleleho.fr\/Anacrouse\/wp-includes\/images\/media\/audio.svg\",\"width\":48,\"height\":64}},{\"src\":\"http:\/\/micheleleho.fr\/Anacrouse\/wp-content\/uploads\/l_alouette.mp3\",\"type\":\"audio\/mpeg\",\"title\":\"L'alouette\",\"caption\":\"\",\"description\":\"\\u003Ci\\u003EL'alouette\\u003C\/i\\u003E par Anacrouse.\",\"meta\":{\"artist\":\"Anacrouse\",\"length_formatted\":\"4:45\"},\"image\":{\"src\":\"http:\/\/micheleleho.fr\/Anacrouse\/wp-includes\/images\/media\/audio.svg\",\"width\":48,\"height\":64},\"thumb\":{\"src\":\"http:\/\/micheleleho.fr\/Anacrouse\/wp-includes\/images\/media\/audio.svg\",\"width\":48,\"height\":64}},{\"src\":\"http:\/\/micheleleho.fr\/Anacrouse\/wp-content\/uploads\/trikott_2.mp3\",\"type\":\"audio\/mpeg\",\"title\":\"Trikott 2 maille\",\"caption\":\"\",\"description\":\"\\u003Ci\\u003ETrikott 2\\u003C\/i\\u003E par Anacrouse.\",\"meta\":{\"artist\":\"Anacrouse\",\"length_formatted\":\"0:46\"},\"image\":{\"src\":\"http:\/\/micheleleho.fr\/Anacrouse\/wp-includes\/images\/media\/audio.svg\",\"width\":48,\"height\":64},\"thumb\":{\"src\":\"http:\/\/micheleleho.fr\/Anacrouse\/wp-includes\/images\/media\/audio.svg\",\"width\":48,\"height\":64}},{\"src\":\"http:\/\/micheleleho.fr\/Anacrouse\/wp-content\/uploads\/l_estaque.mp3\",\"type\":\"audio\/mpeg\",\"title\":\"L'Estaque\",\"caption\":\"\",\"description\":\"\\u003Ci\\u003EL'Estaque\\u003C\/i\\u003E par Anacrouse.\",\"meta\":{\"artist\":\"Anacrouse\",\"length_formatted\":\"4:37\"},\"image\":{\"src\":\"http:\/\/micheleleho.fr\/Anacrouse\/wp-includes\/images\/media\/audio.svg\",\"width\":48,\"height\":64},\"thumb\":{\"src\":\"http:\/\/micheleleho.fr\/Anacrouse\/wp-includes\/images\/media\/audio.svg\",\"width\":48,\"height\":64}},{\"src\":\"http:\/\/micheleleho.fr\/Anacrouse\/wp-content\/uploads\/le_riche_marchand.mp3\",\"type\":\"audio\/mpeg\",\"title\":\"Le riche marchand\",\"caption\":\"\",\"description\":\"\\u003Ci\\u003ELe riche marchand\\u003C\/i\\u003E par Anacrouse.\",\"meta\":{\"artist\":\"Anacrouse\",\"length_formatted\":\"2:15\"},\"image\":{\"src\":\"http:\/\/micheleleho.fr\/Anacrouse\/wp-includes\/images\/media\/audio.svg\",\"width\":48,\"height\":64},\"thumb\":{\"src\":\"http:\/\/micheleleho.fr\/Anacrouse\/wp-includes\/images\/media\/audio.svg\",\"width\":48,\"height\":64}},{\"src\":\"http:\/\/micheleleho.fr\/Anacrouse\/wp-content\/uploads\/cercle_bretons_disparus.mp3\",\"type\":\"audio\/mpeg\",\"title\":\"Cercle des bretons disparus\",\"caption\":\"\",\"description\":\"\\u003Ci\\u003ECercle des bretons disparus\\u003C\/i\\u003E par Anacrouse.\",\"meta\":{\"artist\":\"Anacrouse\",\"length_formatted\":\"0:40\"},\"image\":{\"src\":\"http:\/\/micheleleho.fr\/Anacrouse\/wp-includes\/images\/media\/audio.svg\",\"width\":48,\"height\":64},\"thumb\":{\"src\":\"http:\/\/micheleleho.fr\/Anacrouse\/wp-includes\/images\/media\/audio.svg\",\"width\":48,\"height\":64}},{\"src\":\"http:\/\/micheleleho.fr\/Anacrouse\/wp-content\/uploads\/pach_pi.mp3\",\"type\":\"audio\/mpeg\",\"title\":\"Pach Pi\",\"caption\":\"\",\"description\":\"\\u003Ci\\u003EPach Pi\\u003C\/i\\u003E par Anacrouse.\",\"meta\":{\"artist\":\"Anacrouse\",\"length_formatted\":\"1:48\"},\"image\":{\"src\":\"http:\/\/micheleleho.fr\/Anacrouse\/wp-includes\/images\/media\/audio.svg\",\"width\":48,\"height\":64},\"thumb\":{\"src\":\"http:\/\/micheleleho.fr\/Anacrouse\/wp-includes\/images\/media\/audio.svg\",\"width\":48,\"height\":64}},{\"src\":\"http:\/\/micheleleho.fr\/Anacrouse\/wp-content\/uploads\/resignation.mp3\",\"type\":\"audio\/mpeg\",\"title\":\"R\\u00e9signation\",\"caption\":\"\",\"description\":\"\\u003Ci\\u003ER\\u00e9signation\\u003C\/i\\u003E par Anacrouse.\",\"meta\":{\"artist\":\"Anacrouse\",\"length_formatted\":\"4:54\"},\"image\":{\"src\":\"http:\/\/micheleleho.fr\/Anacrouse\/wp-includes\/images\/media\/audio.svg\",\"width\":48,\"height\":64},\"thumb\":{\"src\":\"http:\/\/micheleleho.fr\/Anacrouse\/wp-includes\/images\/media\/audio.svg\",\"width\":48,\"height\":64}},{\"src\":\"http:\/\/micheleleho.fr\/Anacrouse\/wp-content\/uploads\/gavotte_maluzerne_bal.mp3\",\"type\":\"audio\/mpeg\",\"title\":\"Gavotte Maluzerne\",\"caption\":\"\",\"description\":\"\\u003Ci\\u003EGavotte Maluzerne\\u003C\/i\\u003E par Anacrouse.\",\"meta\":{\"artist\":\"Anacrouse\",\"length_formatted\":\"2:53\"},\"image\":{\"src\":\"http:\/\/micheleleho.fr\/Anacrouse\/wp-includes\/images\/media\/audio.svg\",\"width\":48,\"height\":64},\"thumb\":{\"src\":\"http:\/\/micheleleho.fr\/Anacrouse\/wp-includes\/images\/media\/audio.svg\",\"width\":48,\"height\":64}},{\"src\":\"http:\/\/micheleleho.fr\/Anacrouse\/wp-content\/uploads\/la_valse_du_grand_banc.mp3\",\"type\":\"audio\/mpeg\",\"title\":\"La Valse du grand banc\",\"caption\":\"\",\"description\":\"\\u003Ci\\u003ELa Valse du grand banc\\u003C\/i\\u003E par Anacrouse.\",\"meta\":{\"artist\":\"Anacrouse\",\"length_formatted\":\"1:30\"},\"image\":{\"src\":\"http:\/\/micheleleho.fr\/Anacrouse\/wp-includes\/images\/media\/audio.svg\",\"width\":48,\"height\":64},\"thumb\":{\"src\":\"http:\/\/micheleleho.fr\/Anacrouse\/wp-includes\/images\/media\/audio.svg\",\"width\":48,\"height\":64}},{\"src\":\"http:\/\/micheleleho.fr\/Anacrouse\/wp-content\/uploads\/l_amant_decu.mp3\",\"type\":\"audio\/mpeg\",\"title\":\"L'amant d\\u00e9\\u00e7u\",\"caption\":\"\",\"description\":\"\\u003Ci\\u003EL'amant d\\u00e9\\u00e7u\\u003C\/i\\u003E par Anacrouse.\",\"meta\":{\"artist\":\"Anacrouse\",\"length_formatted\":\"4:01\"},\"image\":{\"src\":\"http:\/\/micheleleho.fr\/Anacrouse\/wp-includes\/images\/media\/audio.svg\",\"width\":48,\"height\":64},\"thumb\":{\"src\":\"http:\/\/micheleleho.fr\/Anacrouse\/wp-includes\/images\/media\/audio.svg\",\"width\":48,\"height\":64}},{\"src\":\"http:\/\/micheleleho.fr\/Anacrouse\/wp-content\/uploads\/amasing_grace.mp3\",\"type\":\"audio\/mpeg\",\"title\":\"Amasing Grace\",\"caption\":\"\",\"description\":\"\\u003Ci\\u003EAmasing Grace\\u003C\/i\\u003E par Anacrouse.\",\"meta\":{\"artist\":\"Anacrouse\",\"length_formatted\":\"0:32\"},\"image\":{\"src\":\"http:\/\/micheleleho.fr\/Anacrouse\/wp-includes\/images\/media\/audio.svg\",\"width\":48,\"height\":64},\"thumb\":{\"src\":\"http:\/\/micheleleho.fr\/Anacrouse\/wp-includes\/images\/media\/audio.svg\",\"width\":48,\"height\":64}}]}<\/script>\n<\/div>\n\t\n<\/div>\n\n\n\n<div class=\"wp-block-column is-layout-flow wp-block-column-is-layout-flow\">\n<h3 class=\"wp-block-heading\"> Concert \u00e0 Verg\u00e8ze (30) &#8211; Extraits <\/h3>\n\n\n\n<figure class=\"wp-block-embed-youtube wp-block-embed is-type-video is-provider-youtube wp-embed-aspect-4-3 wp-has-aspect-ratio\"><div class=\"wp-block-embed__wrapper\">\n<div class=\"embed-wrap\"><iframe loading=\"lazy\" title=\"Anacrouse\" width=\"1025\" height=\"769\" src=\"https:\/\/www.youtube.com\/embed\/Ezxr64sAtWw?feature=oembed\" frameborder=\"0\" allow=\"accelerometer; autoplay; encrypted-media; gyroscope; picture-in-picture\" allowfullscreen><\/iframe><\/div>\n<\/div><\/figure>\n<\/div>\n<\/div>\n","protected":false},"excerpt":{"rendered":"<p>\u00ab\u00a0Et a\u00efe donc !&#8230;\u00a0\u00bb Vente de CD \u00ab\u00a0Et a\u00efe donc !&#8230;\u00a0\u00bb : 10 \u20ac (+ 2 \u20ac de frais de port) Pour toute commande, envoyez un mail (en pr\u00e9cisant l&rsquo;adresse <a href=\"http:\/\/micheleleho.fr\/Anacrouse\/?page_id=27\" class=\"more-link\">[&hellip;]<\/a><\/p>\n","protected":false},"author":1,"featured_media":0,"parent":0,"menu_order":0,"comment_status":"open","ping_status":"open","template":"","meta":{"advgb_blocks_editor_width":"","advgb_blocks_columns_visual_guide":"","Layout":"","footnotes":""},"class_list":["entry","author-admin","post-27","page","type-page","status-publish"],"coauthors":[],"author_meta":{"author_link":"http:\/\/micheleleho.fr\/Anacrouse\/?author=1","display_name":"admin"},"relative_dates":{"created":"Publi\u00e9 12 ans il y a","modified":"Mis \u00e0 jour 6 ans il y a"},"absolute_dates":{"created":"Publi\u00e9 le 24 avril 2014","modified":"Mise \u00e0 jour le 21 f\u00e9vrier 2020"},"absolute_dates_time":{"created":"Publi\u00e9 le 24 avril 2014 21 h 06 min","modified":"Mise \u00e0 jour le 21 f\u00e9vrier 2020 22 h 27 min"},"featured_img_caption":"","featured_img":false,"series_order":"","_links":{"self":[{"href":"http:\/\/micheleleho.fr\/Anacrouse\/index.php?rest_route=\/wp\/v2\/pages\/27","targetHints":{"allow":["GET"]}}],"collection":[{"href":"http:\/\/micheleleho.fr\/Anacrouse\/index.php?rest_route=\/wp\/v2\/pages"}],"about":[{"href":"http:\/\/micheleleho.fr\/Anacrouse\/index.php?rest_route=\/wp\/v2\/types\/page"}],"author":[{"embeddable":true,"href":"http:\/\/micheleleho.fr\/Anacrouse\/index.php?rest_route=\/wp\/v2\/users\/1"}],"replies":[{"embeddable":true,"href":"http:\/\/micheleleho.fr\/Anacrouse\/index.php?rest_route=%2Fwp%2Fv2%2Fcomments&post=27"}],"version-history":[{"count":8,"href":"http:\/\/micheleleho.fr\/Anacrouse\/index.php?rest_route=\/wp\/v2\/pages\/27\/revisions"}],"predecessor-version":[{"id":537,"href":"http:\/\/micheleleho.fr\/Anacrouse\/index.php?rest_route=\/wp\/v2\/pages\/27\/revisions\/537"}],"wp:attachment":[{"href":"http:\/\/micheleleho.fr\/Anacrouse\/index.php?rest_route=%2Fwp%2Fv2%2Fmedia&parent=27"}],"curies":[{"name":"wp","href":"https:\/\/api.w.org\/{rel}","templated":true}]}}