{"id":334,"date":"2014-08-11T15:24:57","date_gmt":"2014-08-11T14:24:57","guid":{"rendered":"http:\/\/micheleleho.fr\/Anacrouse\/?page_id=334"},"modified":"2019-08-12T16:14:45","modified_gmt":"2019-08-12T15:14:45","slug":"diaporama-2","status":"publish","type":"page","link":"http:\/\/micheleleho.fr\/Anacrouse\/?page_id=334","title":{"rendered":"Album photos"},"content":{"rendered":"\n<ul class=\"wp-block-gallery columns-4 is-cropped wp-block-gallery-1\"><li class=\"blocks-gallery-item\"><figure><a href=\"http:\/\/micheleleho.fr\/Anacrouse\/wp-content\/uploads\/Photo_01-1024x870.jpg\"><img loading=\"lazy\" decoding=\"async\" width=\"1024\" height=\"870\" src=\"http:\/\/micheleleho.fr\/Anacrouse\/wp-content\/uploads\/Photo_01-1024x870.jpg\" alt=\"\" data-id=\"459\" data-link=\"http:\/\/micheleleho.fr\/Anacrouse\/?attachment_id=459\" class=\"wp-image-459\" srcset=\"http:\/\/micheleleho.fr\/Anacrouse\/wp-content\/uploads\/Photo_01-1024x870.jpg 1024w, http:\/\/micheleleho.fr\/Anacrouse\/wp-content\/uploads\/Photo_01-300x255.jpg 300w, http:\/\/micheleleho.fr\/Anacrouse\/wp-content\/uploads\/Photo_01-768x653.jpg 768w, http:\/\/micheleleho.fr\/Anacrouse\/wp-content\/uploads\/Photo_01-588x500.jpg 588w, http:\/\/micheleleho.fr\/Anacrouse\/wp-content\/uploads\/Photo_01.jpg 1654w\" sizes=\"auto, (max-width: 1024px) 100vw, 1024px\" \/><\/a><\/figure><\/li><li class=\"blocks-gallery-item\"><figure><a href=\"http:\/\/micheleleho.fr\/Anacrouse\/wp-content\/uploads\/Photo_04.jpg\"><img loading=\"lazy\" decoding=\"async\" width=\"1000\" height=\"750\" src=\"http:\/\/micheleleho.fr\/Anacrouse\/wp-content\/uploads\/Photo_04.jpg\" alt=\"\" data-id=\"462\" data-link=\"http:\/\/micheleleho.fr\/Anacrouse\/?attachment_id=462\" class=\"wp-image-462\" srcset=\"http:\/\/micheleleho.fr\/Anacrouse\/wp-content\/uploads\/Photo_04.jpg 1000w, http:\/\/micheleleho.fr\/Anacrouse\/wp-content\/uploads\/Photo_04-300x225.jpg 300w, http:\/\/micheleleho.fr\/Anacrouse\/wp-content\/uploads\/Photo_04-768x576.jpg 768w, http:\/\/micheleleho.fr\/Anacrouse\/wp-content\/uploads\/Photo_04-175x131.jpg 175w, http:\/\/micheleleho.fr\/Anacrouse\/wp-content\/uploads\/Photo_04-667x500.jpg 667w\" sizes=\"auto, (max-width: 1000px) 100vw, 1000px\" \/><\/a><\/figure><\/li><li class=\"blocks-gallery-item\"><figure><a href=\"http:\/\/micheleleho.fr\/Anacrouse\/wp-content\/uploads\/Photo_05.jpg\"><img loading=\"lazy\" decoding=\"async\" width=\"1000\" height=\"671\" src=\"http:\/\/micheleleho.fr\/Anacrouse\/wp-content\/uploads\/Photo_05.jpg\" alt=\"\" data-id=\"463\" data-link=\"http:\/\/micheleleho.fr\/Anacrouse\/?attachment_id=463\" class=\"wp-image-463\" srcset=\"http:\/\/micheleleho.fr\/Anacrouse\/wp-content\/uploads\/Photo_05.jpg 1000w, http:\/\/micheleleho.fr\/Anacrouse\/wp-content\/uploads\/Photo_05-300x201.jpg 300w, http:\/\/micheleleho.fr\/Anacrouse\/wp-content\/uploads\/Photo_05-768x515.jpg 768w, http:\/\/micheleleho.fr\/Anacrouse\/wp-content\/uploads\/Photo_05-745x500.jpg 745w\" sizes=\"auto, (max-width: 1000px) 100vw, 1000px\" \/><\/a><\/figure><\/li><li class=\"blocks-gallery-item\"><figure><a href=\"http:\/\/micheleleho.fr\/Anacrouse\/wp-content\/uploads\/Photo_06.jpg\"><img loading=\"lazy\" decoding=\"async\" width=\"1000\" height=\"671\" src=\"http:\/\/micheleleho.fr\/Anacrouse\/wp-content\/uploads\/Photo_06.jpg\" alt=\"\" data-id=\"464\" data-link=\"http:\/\/micheleleho.fr\/Anacrouse\/?attachment_id=464\" class=\"wp-image-464\" srcset=\"http:\/\/micheleleho.fr\/Anacrouse\/wp-content\/uploads\/Photo_06.jpg 1000w, http:\/\/micheleleho.fr\/Anacrouse\/wp-content\/uploads\/Photo_06-300x201.jpg 300w, http:\/\/micheleleho.fr\/Anacrouse\/wp-content\/uploads\/Photo_06-768x515.jpg 768w, http:\/\/micheleleho.fr\/Anacrouse\/wp-content\/uploads\/Photo_06-745x500.jpg 745w\" sizes=\"auto, (max-width: 1000px) 100vw, 1000px\" \/><\/a><\/figure><\/li><li class=\"blocks-gallery-item\"><figure><a href=\"http:\/\/micheleleho.fr\/Anacrouse\/wp-content\/uploads\/Photo_07.jpg\"><img loading=\"lazy\" decoding=\"async\" width=\"1000\" height=\"667\" src=\"http:\/\/micheleleho.fr\/Anacrouse\/wp-content\/uploads\/Photo_07.jpg\" alt=\"\" data-id=\"465\" data-link=\"http:\/\/micheleleho.fr\/Anacrouse\/?attachment_id=465\" class=\"wp-image-465\" srcset=\"http:\/\/micheleleho.fr\/Anacrouse\/wp-content\/uploads\/Photo_07.jpg 1000w, http:\/\/micheleleho.fr\/Anacrouse\/wp-content\/uploads\/Photo_07-300x200.jpg 300w, http:\/\/micheleleho.fr\/Anacrouse\/wp-content\/uploads\/Photo_07-768x512.jpg 768w, http:\/\/micheleleho.fr\/Anacrouse\/wp-content\/uploads\/Photo_07-600x400.jpg 600w, http:\/\/micheleleho.fr\/Anacrouse\/wp-content\/uploads\/Photo_07-750x500.jpg 750w\" sizes=\"auto, (max-width: 1000px) 100vw, 1000px\" \/><\/a><\/figure><\/li><li class=\"blocks-gallery-item\"><figure><a href=\"http:\/\/micheleleho.fr\/Anacrouse\/wp-content\/uploads\/Photo_08.jpg\"><img loading=\"lazy\" decoding=\"async\" width=\"1000\" height=\"669\" src=\"http:\/\/micheleleho.fr\/Anacrouse\/wp-content\/uploads\/Photo_08.jpg\" alt=\"\" data-id=\"466\" data-link=\"http:\/\/micheleleho.fr\/Anacrouse\/?attachment_id=466\" class=\"wp-image-466\" srcset=\"http:\/\/micheleleho.fr\/Anacrouse\/wp-content\/uploads\/Photo_08.jpg 1000w, http:\/\/micheleleho.fr\/Anacrouse\/wp-content\/uploads\/Photo_08-300x201.jpg 300w, http:\/\/micheleleho.fr\/Anacrouse\/wp-content\/uploads\/Photo_08-768x514.jpg 768w, http:\/\/micheleleho.fr\/Anacrouse\/wp-content\/uploads\/Photo_08-600x400.jpg 600w, http:\/\/micheleleho.fr\/Anacrouse\/wp-content\/uploads\/Photo_08-747x500.jpg 747w\" sizes=\"auto, (max-width: 1000px) 100vw, 1000px\" \/><\/a><\/figure><\/li><li class=\"blocks-gallery-item\"><figure><a href=\"http:\/\/micheleleho.fr\/Anacrouse\/wp-content\/uploads\/Photo_09.jpg\"><img loading=\"lazy\" decoding=\"async\" width=\"667\" height=\"1000\" src=\"http:\/\/micheleleho.fr\/Anacrouse\/wp-content\/uploads\/Photo_09.jpg\" alt=\"\" data-id=\"467\" data-link=\"http:\/\/micheleleho.fr\/Anacrouse\/?attachment_id=467\" class=\"wp-image-467\" srcset=\"http:\/\/micheleleho.fr\/Anacrouse\/wp-content\/uploads\/Photo_09.jpg 667w, http:\/\/micheleleho.fr\/Anacrouse\/wp-content\/uploads\/Photo_09-200x300.jpg 200w, http:\/\/micheleleho.fr\/Anacrouse\/wp-content\/uploads\/Photo_09-334x500.jpg 334w\" sizes=\"auto, (max-width: 667px) 100vw, 667px\" \/><\/a><\/figure><\/li><li class=\"blocks-gallery-item\"><figure><a href=\"http:\/\/micheleleho.fr\/Anacrouse\/wp-content\/uploads\/Photo_10.jpg\"><img loading=\"lazy\" decoding=\"async\" width=\"1000\" height=\"669\" src=\"http:\/\/micheleleho.fr\/Anacrouse\/wp-content\/uploads\/Photo_10.jpg\" alt=\"\" data-id=\"468\" data-link=\"http:\/\/micheleleho.fr\/Anacrouse\/?attachment_id=468\" class=\"wp-image-468\" srcset=\"http:\/\/micheleleho.fr\/Anacrouse\/wp-content\/uploads\/Photo_10.jpg 1000w, http:\/\/micheleleho.fr\/Anacrouse\/wp-content\/uploads\/Photo_10-300x201.jpg 300w, http:\/\/micheleleho.fr\/Anacrouse\/wp-content\/uploads\/Photo_10-768x514.jpg 768w, http:\/\/micheleleho.fr\/Anacrouse\/wp-content\/uploads\/Photo_10-600x400.jpg 600w, http:\/\/micheleleho.fr\/Anacrouse\/wp-content\/uploads\/Photo_10-747x500.jpg 747w\" sizes=\"auto, (max-width: 1000px) 100vw, 1000px\" \/><\/a><\/figure><\/li><li class=\"blocks-gallery-item\"><figure><a href=\"http:\/\/micheleleho.fr\/Anacrouse\/wp-content\/uploads\/Photo_11.jpg\"><img loading=\"lazy\" decoding=\"async\" width=\"1000\" height=\"750\" src=\"http:\/\/micheleleho.fr\/Anacrouse\/wp-content\/uploads\/Photo_11.jpg\" alt=\"\" data-id=\"469\" data-link=\"http:\/\/micheleleho.fr\/Anacrouse\/?attachment_id=469\" class=\"wp-image-469\" srcset=\"http:\/\/micheleleho.fr\/Anacrouse\/wp-content\/uploads\/Photo_11.jpg 1000w, http:\/\/micheleleho.fr\/Anacrouse\/wp-content\/uploads\/Photo_11-300x225.jpg 300w, http:\/\/micheleleho.fr\/Anacrouse\/wp-content\/uploads\/Photo_11-768x576.jpg 768w, http:\/\/micheleleho.fr\/Anacrouse\/wp-content\/uploads\/Photo_11-175x131.jpg 175w, http:\/\/micheleleho.fr\/Anacrouse\/wp-content\/uploads\/Photo_11-667x500.jpg 667w\" sizes=\"auto, (max-width: 1000px) 100vw, 1000px\" \/><\/a><\/figure><\/li><li class=\"blocks-gallery-item\"><figure><a href=\"http:\/\/micheleleho.fr\/Anacrouse\/wp-content\/uploads\/Photo_12-1024x635.jpg\"><img loading=\"lazy\" decoding=\"async\" width=\"1024\" height=\"635\" src=\"http:\/\/micheleleho.fr\/Anacrouse\/wp-content\/uploads\/Photo_12-1024x635.jpg\" alt=\"\" data-id=\"470\" data-link=\"http:\/\/micheleleho.fr\/Anacrouse\/?attachment_id=470\" class=\"wp-image-470\" srcset=\"http:\/\/micheleleho.fr\/Anacrouse\/wp-content\/uploads\/Photo_12-1024x635.jpg 1024w, http:\/\/micheleleho.fr\/Anacrouse\/wp-content\/uploads\/Photo_12-300x186.jpg 300w, http:\/\/micheleleho.fr\/Anacrouse\/wp-content\/uploads\/Photo_12-768x476.jpg 768w, http:\/\/micheleleho.fr\/Anacrouse\/wp-content\/uploads\/Photo_12-807x500.jpg 807w, http:\/\/micheleleho.fr\/Anacrouse\/wp-content\/uploads\/Photo_12.jpg 1157w\" sizes=\"auto, (max-width: 1024px) 100vw, 1024px\" \/><\/a><\/figure><\/li><li class=\"blocks-gallery-item\"><figure><a href=\"http:\/\/micheleleho.fr\/Anacrouse\/wp-content\/uploads\/Photo_13.jpg\"><img loading=\"lazy\" decoding=\"async\" width=\"736\" height=\"450\" src=\"http:\/\/micheleleho.fr\/Anacrouse\/wp-content\/uploads\/Photo_13.jpg\" alt=\"\" data-id=\"471\" data-link=\"http:\/\/micheleleho.fr\/Anacrouse\/?attachment_id=471\" class=\"wp-image-471\" srcset=\"http:\/\/micheleleho.fr\/Anacrouse\/wp-content\/uploads\/Photo_13.jpg 736w, http:\/\/micheleleho.fr\/Anacrouse\/wp-content\/uploads\/Photo_13-300x183.jpg 300w\" sizes=\"auto, (max-width: 736px) 100vw, 736px\" \/><\/a><\/figure><\/li><li class=\"blocks-gallery-item\"><figure><a href=\"http:\/\/micheleleho.fr\/Anacrouse\/wp-content\/uploads\/Photo_14.jpg\"><img loading=\"lazy\" decoding=\"async\" width=\"710\" height=\"450\" src=\"http:\/\/micheleleho.fr\/Anacrouse\/wp-content\/uploads\/Photo_14.jpg\" alt=\"\" data-id=\"472\" data-link=\"http:\/\/micheleleho.fr\/Anacrouse\/?attachment_id=472\" class=\"wp-image-472\" srcset=\"http:\/\/micheleleho.fr\/Anacrouse\/wp-content\/uploads\/Photo_14.jpg 710w, http:\/\/micheleleho.fr\/Anacrouse\/wp-content\/uploads\/Photo_14-300x190.jpg 300w\" sizes=\"auto, (max-width: 710px) 100vw, 710px\" \/><\/a><\/figure><\/li><li class=\"blocks-gallery-item\"><figure><a href=\"http:\/\/micheleleho.fr\/Anacrouse\/wp-content\/uploads\/Photo_15.jpg\"><img loading=\"lazy\" decoding=\"async\" width=\"300\" height=\"450\" src=\"http:\/\/micheleleho.fr\/Anacrouse\/wp-content\/uploads\/Photo_15.jpg\" alt=\"\" data-id=\"473\" data-link=\"http:\/\/micheleleho.fr\/Anacrouse\/?attachment_id=473\" class=\"wp-image-473\" srcset=\"http:\/\/micheleleho.fr\/Anacrouse\/wp-content\/uploads\/Photo_15.jpg 300w, http:\/\/micheleleho.fr\/Anacrouse\/wp-content\/uploads\/Photo_15-200x300.jpg 200w\" sizes=\"auto, (max-width: 300px) 100vw, 300px\" \/><\/a><\/figure><\/li><li class=\"blocks-gallery-item\"><figure><a href=\"http:\/\/micheleleho.fr\/Anacrouse\/wp-content\/uploads\/Photo_16.jpg\"><img loading=\"lazy\" decoding=\"async\" width=\"600\" height=\"402\" src=\"http:\/\/micheleleho.fr\/Anacrouse\/wp-content\/uploads\/Photo_16.jpg\" alt=\"\" data-id=\"474\" data-link=\"http:\/\/micheleleho.fr\/Anacrouse\/?attachment_id=474\" class=\"wp-image-474\" srcset=\"http:\/\/micheleleho.fr\/Anacrouse\/wp-content\/uploads\/Photo_16.jpg 600w, http:\/\/micheleleho.fr\/Anacrouse\/wp-content\/uploads\/Photo_16-300x201.jpg 300w\" sizes=\"auto, (max-width: 600px) 100vw, 600px\" \/><\/a><\/figure><\/li><li class=\"blocks-gallery-item\"><figure><a href=\"http:\/\/micheleleho.fr\/Anacrouse\/wp-content\/uploads\/Photo_17.jpg\"><img loading=\"lazy\" decoding=\"async\" width=\"600\" height=\"450\" src=\"http:\/\/micheleleho.fr\/Anacrouse\/wp-content\/uploads\/Photo_17.jpg\" alt=\"\" data-id=\"475\" data-link=\"http:\/\/micheleleho.fr\/Anacrouse\/?attachment_id=475\" class=\"wp-image-475\" srcset=\"http:\/\/micheleleho.fr\/Anacrouse\/wp-content\/uploads\/Photo_17.jpg 600w, http:\/\/micheleleho.fr\/Anacrouse\/wp-content\/uploads\/Photo_17-300x225.jpg 300w, http:\/\/micheleleho.fr\/Anacrouse\/wp-content\/uploads\/Photo_17-175x131.jpg 175w\" sizes=\"auto, (max-width: 600px) 100vw, 600px\" \/><\/a><\/figure><\/li><li class=\"blocks-gallery-item\"><figure><a href=\"http:\/\/micheleleho.fr\/Anacrouse\/wp-content\/uploads\/Photo_18.jpg\"><img loading=\"lazy\" decoding=\"async\" width=\"600\" height=\"450\" src=\"http:\/\/micheleleho.fr\/Anacrouse\/wp-content\/uploads\/Photo_18.jpg\" alt=\"\" data-id=\"476\" data-link=\"http:\/\/micheleleho.fr\/Anacrouse\/?attachment_id=476\" class=\"wp-image-476\" srcset=\"http:\/\/micheleleho.fr\/Anacrouse\/wp-content\/uploads\/Photo_18.jpg 600w, http:\/\/micheleleho.fr\/Anacrouse\/wp-content\/uploads\/Photo_18-300x225.jpg 300w, http:\/\/micheleleho.fr\/Anacrouse\/wp-content\/uploads\/Photo_18-175x131.jpg 175w\" sizes=\"auto, (max-width: 600px) 100vw, 600px\" \/><\/a><\/figure><\/li><li class=\"blocks-gallery-item\"><figure><a href=\"http:\/\/micheleleho.fr\/Anacrouse\/wp-content\/uploads\/Photo_19.jpg\"><img loading=\"lazy\" decoding=\"async\" width=\"600\" height=\"450\" src=\"http:\/\/micheleleho.fr\/Anacrouse\/wp-content\/uploads\/Photo_19.jpg\" alt=\"\" data-id=\"477\" data-link=\"http:\/\/micheleleho.fr\/Anacrouse\/?attachment_id=477\" class=\"wp-image-477\" srcset=\"http:\/\/micheleleho.fr\/Anacrouse\/wp-content\/uploads\/Photo_19.jpg 600w, http:\/\/micheleleho.fr\/Anacrouse\/wp-content\/uploads\/Photo_19-300x225.jpg 300w, http:\/\/micheleleho.fr\/Anacrouse\/wp-content\/uploads\/Photo_19-175x131.jpg 175w\" sizes=\"auto, (max-width: 600px) 100vw, 600px\" \/><\/a><\/figure><\/li><li class=\"blocks-gallery-item\"><figure><a href=\"http:\/\/micheleleho.fr\/Anacrouse\/wp-content\/uploads\/Photo_20.jpg\"><img loading=\"lazy\" decoding=\"async\" width=\"302\" height=\"450\" src=\"http:\/\/micheleleho.fr\/Anacrouse\/wp-content\/uploads\/Photo_20.jpg\" alt=\"\" data-id=\"478\" data-link=\"http:\/\/micheleleho.fr\/Anacrouse\/?attachment_id=478\" class=\"wp-image-478\" srcset=\"http:\/\/micheleleho.fr\/Anacrouse\/wp-content\/uploads\/Photo_20.jpg 302w, http:\/\/micheleleho.fr\/Anacrouse\/wp-content\/uploads\/Photo_20-201x300.jpg 201w\" sizes=\"auto, (max-width: 302px) 100vw, 302px\" \/><\/a><\/figure><\/li><li class=\"blocks-gallery-item\"><figure><a href=\"http:\/\/micheleleho.fr\/Anacrouse\/wp-content\/uploads\/Photo_21.jpg\"><img loading=\"lazy\" decoding=\"async\" width=\"672\" height=\"450\" src=\"http:\/\/micheleleho.fr\/Anacrouse\/wp-content\/uploads\/Photo_21.jpg\" alt=\"\" data-id=\"479\" data-link=\"http:\/\/micheleleho.fr\/Anacrouse\/?attachment_id=479\" class=\"wp-image-479\" srcset=\"http:\/\/micheleleho.fr\/Anacrouse\/wp-content\/uploads\/Photo_21.jpg 672w, http:\/\/micheleleho.fr\/Anacrouse\/wp-content\/uploads\/Photo_21-300x201.jpg 300w\" sizes=\"auto, (max-width: 672px) 100vw, 672px\" \/><\/a><\/figure><\/li><li class=\"blocks-gallery-item\"><figure><a href=\"http:\/\/micheleleho.fr\/Anacrouse\/wp-content\/uploads\/Photo_22.jpg\"><img loading=\"lazy\" decoding=\"async\" width=\"600\" height=\"450\" src=\"http:\/\/micheleleho.fr\/Anacrouse\/wp-content\/uploads\/Photo_22.jpg\" alt=\"\" data-id=\"480\" data-link=\"http:\/\/micheleleho.fr\/Anacrouse\/?attachment_id=480\" class=\"wp-image-480\" srcset=\"http:\/\/micheleleho.fr\/Anacrouse\/wp-content\/uploads\/Photo_22.jpg 600w, http:\/\/micheleleho.fr\/Anacrouse\/wp-content\/uploads\/Photo_22-300x225.jpg 300w, http:\/\/micheleleho.fr\/Anacrouse\/wp-content\/uploads\/Photo_22-175x131.jpg 175w\" sizes=\"auto, (max-width: 600px) 100vw, 600px\" \/><\/a><\/figure><\/li><li class=\"blocks-gallery-item\"><figure><a href=\"http:\/\/micheleleho.fr\/Anacrouse\/wp-content\/uploads\/Photo_24.jpg\"><img loading=\"lazy\" decoding=\"async\" width=\"672\" height=\"450\" src=\"http:\/\/micheleleho.fr\/Anacrouse\/wp-content\/uploads\/Photo_24.jpg\" alt=\"\" data-id=\"481\" data-link=\"http:\/\/micheleleho.fr\/Anacrouse\/?attachment_id=481\" class=\"wp-image-481\" srcset=\"http:\/\/micheleleho.fr\/Anacrouse\/wp-content\/uploads\/Photo_24.jpg 672w, http:\/\/micheleleho.fr\/Anacrouse\/wp-content\/uploads\/Photo_24-300x201.jpg 300w\" sizes=\"auto, (max-width: 672px) 100vw, 672px\" \/><\/a><\/figure><\/li><li class=\"blocks-gallery-item\"><figure><a href=\"http:\/\/micheleleho.fr\/Anacrouse\/wp-content\/uploads\/Photo_25.jpg\"><img loading=\"lazy\" decoding=\"async\" width=\"600\" height=\"450\" src=\"http:\/\/micheleleho.fr\/Anacrouse\/wp-content\/uploads\/Photo_25.jpg\" alt=\"\" data-id=\"482\" data-link=\"http:\/\/micheleleho.fr\/Anacrouse\/?attachment_id=482\" class=\"wp-image-482\" srcset=\"http:\/\/micheleleho.fr\/Anacrouse\/wp-content\/uploads\/Photo_25.jpg 600w, http:\/\/micheleleho.fr\/Anacrouse\/wp-content\/uploads\/Photo_25-300x225.jpg 300w, http:\/\/micheleleho.fr\/Anacrouse\/wp-content\/uploads\/Photo_25-175x131.jpg 175w\" sizes=\"auto, (max-width: 600px) 100vw, 600px\" \/><\/a><\/figure><\/li><li class=\"blocks-gallery-item\"><figure><a href=\"http:\/\/micheleleho.fr\/Anacrouse\/wp-content\/uploads\/Photo_26.jpg\"><img loading=\"lazy\" decoding=\"async\" width=\"672\" height=\"450\" src=\"http:\/\/micheleleho.fr\/Anacrouse\/wp-content\/uploads\/Photo_26.jpg\" alt=\"\" data-id=\"483\" data-link=\"http:\/\/micheleleho.fr\/Anacrouse\/?attachment_id=483\" class=\"wp-image-483\" srcset=\"http:\/\/micheleleho.fr\/Anacrouse\/wp-content\/uploads\/Photo_26.jpg 672w, http:\/\/micheleleho.fr\/Anacrouse\/wp-content\/uploads\/Photo_26-300x201.jpg 300w\" sizes=\"auto, (max-width: 672px) 100vw, 672px\" \/><\/a><\/figure><\/li><li class=\"blocks-gallery-item\"><figure><a href=\"http:\/\/micheleleho.fr\/Anacrouse\/wp-content\/uploads\/Photo_27.jpg\"><img loading=\"lazy\" decoding=\"async\" width=\"301\" height=\"450\" src=\"http:\/\/micheleleho.fr\/Anacrouse\/wp-content\/uploads\/Photo_27.jpg\" alt=\"\" data-id=\"484\" data-link=\"http:\/\/micheleleho.fr\/Anacrouse\/?attachment_id=484\" class=\"wp-image-484\" srcset=\"http:\/\/micheleleho.fr\/Anacrouse\/wp-content\/uploads\/Photo_27.jpg 301w, http:\/\/micheleleho.fr\/Anacrouse\/wp-content\/uploads\/Photo_27-201x300.jpg 201w\" sizes=\"auto, (max-width: 301px) 100vw, 301px\" \/><\/a><\/figure><\/li><li class=\"blocks-gallery-item\"><figure><a href=\"http:\/\/micheleleho.fr\/Anacrouse\/wp-content\/uploads\/Photo_28.jpg\"><img loading=\"lazy\" decoding=\"async\" width=\"672\" height=\"450\" src=\"http:\/\/micheleleho.fr\/Anacrouse\/wp-content\/uploads\/Photo_28.jpg\" alt=\"\" data-id=\"485\" data-link=\"http:\/\/micheleleho.fr\/Anacrouse\/?attachment_id=485\" class=\"wp-image-485\" srcset=\"http:\/\/micheleleho.fr\/Anacrouse\/wp-content\/uploads\/Photo_28.jpg 672w, http:\/\/micheleleho.fr\/Anacrouse\/wp-content\/uploads\/Photo_28-300x201.jpg 300w\" sizes=\"auto, (max-width: 672px) 100vw, 672px\" \/><\/a><\/figure><\/li><li class=\"blocks-gallery-item\"><figure><a href=\"http:\/\/micheleleho.fr\/Anacrouse\/wp-content\/uploads\/Photo_29.jpg\"><img loading=\"lazy\" decoding=\"async\" width=\"600\" height=\"450\" src=\"http:\/\/micheleleho.fr\/Anacrouse\/wp-content\/uploads\/Photo_29.jpg\" alt=\"\" data-id=\"486\" data-link=\"http:\/\/micheleleho.fr\/Anacrouse\/?attachment_id=486\" class=\"wp-image-486\" srcset=\"http:\/\/micheleleho.fr\/Anacrouse\/wp-content\/uploads\/Photo_29.jpg 600w, http:\/\/micheleleho.fr\/Anacrouse\/wp-content\/uploads\/Photo_29-300x225.jpg 300w, http:\/\/micheleleho.fr\/Anacrouse\/wp-content\/uploads\/Photo_29-175x131.jpg 175w\" sizes=\"auto, (max-width: 600px) 100vw, 600px\" \/><\/a><\/figure><\/li><li class=\"blocks-gallery-item\"><figure><a href=\"http:\/\/micheleleho.fr\/Anacrouse\/wp-content\/uploads\/Photo_30.jpg\"><img loading=\"lazy\" decoding=\"async\" width=\"287\" height=\"450\" src=\"http:\/\/micheleleho.fr\/Anacrouse\/wp-content\/uploads\/Photo_30.jpg\" alt=\"\" data-id=\"487\" data-link=\"http:\/\/micheleleho.fr\/Anacrouse\/?attachment_id=487\" class=\"wp-image-487\" srcset=\"http:\/\/micheleleho.fr\/Anacrouse\/wp-content\/uploads\/Photo_30.jpg 287w, http:\/\/micheleleho.fr\/Anacrouse\/wp-content\/uploads\/Photo_30-191x300.jpg 191w\" sizes=\"auto, (max-width: 287px) 100vw, 287px\" \/><\/a><\/figure><\/li><li class=\"blocks-gallery-item\"><figure><a href=\"http:\/\/micheleleho.fr\/Anacrouse\/wp-content\/uploads\/Photo_31.jpg\"><img loading=\"lazy\" decoding=\"async\" width=\"640\" height=\"480\" src=\"http:\/\/micheleleho.fr\/Anacrouse\/wp-content\/uploads\/Photo_31.jpg\" alt=\"\" data-id=\"488\" data-link=\"http:\/\/micheleleho.fr\/Anacrouse\/?attachment_id=488\" class=\"wp-image-488 is-layout-flex wp-block-gallery-is-layout-flex\" srcset=\"http:\/\/micheleleho.fr\/Anacrouse\/wp-content\/uploads\/Photo_31.jpg 640w, http:\/\/micheleleho.fr\/Anacrouse\/wp-content\/uploads\/Photo_31-300x225.jpg 300w, http:\/\/micheleleho.fr\/Anacrouse\/wp-content\/uploads\/Photo_31-175x131.jpg 175w\" sizes=\"auto, (max-width: 640px) 100vw, 640px\" \/><\/a><\/figure><\/li><\/ul>\n","protected":false},"excerpt":{"rendered":"","protected":false},"author":1,"featured_media":0,"parent":0,"menu_order":0,"comment_status":"open","ping_status":"open","template":"","meta":{"advgb_blocks_editor_width":"","advgb_blocks_columns_visual_guide":"","Layout":"","footnotes":""},"class_list":["entry","author-admin","post-334","page","type-page","status-publish"],"coauthors":[],"author_meta":{"author_link":"http:\/\/micheleleho.fr\/Anacrouse\/?author=1","display_name":"admin"},"relative_dates":{"created":"Publi\u00e9 12 ans il y a","modified":"Mis \u00e0 jour 7 ans il y a"},"absolute_dates":{"created":"Publi\u00e9 le 11 ao\u00fbt 2014","modified":"Mise \u00e0 jour le 12 ao\u00fbt 2019"},"absolute_dates_time":{"created":"Publi\u00e9 le 11 ao\u00fbt 2014 15 h 24 min","modified":"Mise \u00e0 jour le 12 ao\u00fbt 2019 16 h 14 min"},"featured_img_caption":"","featured_img":false,"series_order":"","_links":{"self":[{"href":"http:\/\/micheleleho.fr\/Anacrouse\/index.php?rest_route=\/wp\/v2\/pages\/334","targetHints":{"allow":["GET"]}}],"collection":[{"href":"http:\/\/micheleleho.fr\/Anacrouse\/index.php?rest_route=\/wp\/v2\/pages"}],"about":[{"href":"http:\/\/micheleleho.fr\/Anacrouse\/index.php?rest_route=\/wp\/v2\/types\/page"}],"author":[{"embeddable":true,"href":"http:\/\/micheleleho.fr\/Anacrouse\/index.php?rest_route=\/wp\/v2\/users\/1"}],"replies":[{"embeddable":true,"href":"http:\/\/micheleleho.fr\/Anacrouse\/index.php?rest_route=%2Fwp%2Fv2%2Fcomments&post=334"}],"version-history":[{"count":5,"href":"http:\/\/micheleleho.fr\/Anacrouse\/index.php?rest_route=\/wp\/v2\/pages\/334\/revisions"}],"predecessor-version":[{"id":491,"href":"http:\/\/micheleleho.fr\/Anacrouse\/index.php?rest_route=\/wp\/v2\/pages\/334\/revisions\/491"}],"wp:attachment":[{"href":"http:\/\/micheleleho.fr\/Anacrouse\/index.php?rest_route=%2Fwp%2Fv2%2Fmedia&parent=334"}],"curies":[{"name":"wp","href":"https:\/\/api.w.org\/{rel}","templated":true}]}}