{"id":40,"date":"2014-04-24T21:33:36","date_gmt":"2014-04-24T20:33:36","guid":{"rendered":"http:\/\/www.anacrouse-celtique.fr\/?page_id=40"},"modified":"2020-02-21T22:31:32","modified_gmt":"2020-02-21T21:31:32","slug":"contact","status":"publish","type":"page","link":"http:\/\/micheleleho.fr\/Anacrouse\/?page_id=40","title":{"rendered":"Contact"},"content":{"rendered":"\n<div class=\"wp-block-columns is-layout-flex wp-container-core-columns-is-layout-9d6595d7 wp-block-columns-is-layout-flex\">\n<div class=\"wp-block-column is-vertically-aligned-center is-layout-flow wp-block-column-is-layout-flow\" style=\"flex-basis:50%\">\n<div class=\"wp-block-image\"><figure class=\"aligncenter size-large\"><img loading=\"lazy\" decoding=\"async\" width=\"640\" height=\"480\" src=\"http:\/\/micheleleho.fr\/Anacrouse\/wp-content\/uploads\/photo1.jpg\" alt=\"\" class=\"wp-image-136\" srcset=\"http:\/\/micheleleho.fr\/Anacrouse\/wp-content\/uploads\/photo1.jpg 640w, http:\/\/micheleleho.fr\/Anacrouse\/wp-content\/uploads\/photo1-300x225.jpg 300w, http:\/\/micheleleho.fr\/Anacrouse\/wp-content\/uploads\/photo1-175x131.jpg 175w\" sizes=\"auto, (max-width: 640px) 100vw, 640px\" \/><\/figure><\/div>\n<\/div>\n\n\n\n<div class=\"wp-block-column is-vertically-aligned-center is-layout-flow wp-block-column-is-layout-flow\" style=\"flex-basis:50%\">\n<div class=\"wp-block-image\"><figure class=\"aligncenter size-large is-resized\"><img loading=\"lazy\" decoding=\"async\" src=\"http:\/\/micheleleho.fr\/Anacrouse\/wp-content\/uploads\/triskell200.png\" alt=\"\" class=\"wp-image-137\" width=\"88\" height=\"80\"\/><\/figure><\/div>\n\n\n\n<p class=\"has-text-align-center\">Pour tous renseignements<br>T\u00e9l : 06 60 82 38 41<br>ou par courriel :<br><a href=\"mailto:anacrouse30@gmail.com\">anacrouse30@gmail.com<\/a><\/p>\n\n\n\n<p class=\"has-text-align-center\">N\u00eemes (30 &#8211; Gard)<\/p>\n<\/div>\n<\/div>\n","protected":false},"excerpt":{"rendered":"<p>Pour tous renseignementsT\u00e9l : 06 60 82 38 41ou par courriel :anacrouse30@gmail.com N\u00eemes (30 &#8211; Gard)<\/p>\n","protected":false},"author":1,"featured_media":0,"parent":0,"menu_order":0,"comment_status":"open","ping_status":"open","template":"","meta":{"advgb_blocks_editor_width":"","advgb_blocks_columns_visual_guide":"","Layout":"","footnotes":""},"class_list":["entry","author-admin","post-40","page","type-page","status-publish"],"coauthors":[],"author_meta":{"author_link":"http:\/\/micheleleho.fr\/Anacrouse\/?author=1","display_name":"admin"},"relative_dates":{"created":"Publi\u00e9 12 ans il y a","modified":"Mis \u00e0 jour 6 ans il y a"},"absolute_dates":{"created":"Publi\u00e9 le 24 avril 2014","modified":"Mise \u00e0 jour le 21 f\u00e9vrier 2020"},"absolute_dates_time":{"created":"Publi\u00e9 le 24 avril 2014 21 h 33 min","modified":"Mise \u00e0 jour le 21 f\u00e9vrier 2020 22 h 31 min"},"featured_img_caption":"","featured_img":false,"series_order":"","_links":{"self":[{"href":"http:\/\/micheleleho.fr\/Anacrouse\/index.php?rest_route=\/wp\/v2\/pages\/40","targetHints":{"allow":["GET"]}}],"collection":[{"href":"http:\/\/micheleleho.fr\/Anacrouse\/index.php?rest_route=\/wp\/v2\/pages"}],"about":[{"href":"http:\/\/micheleleho.fr\/Anacrouse\/index.php?rest_route=\/wp\/v2\/types\/page"}],"author":[{"embeddable":true,"href":"http:\/\/micheleleho.fr\/Anacrouse\/index.php?rest_route=\/wp\/v2\/users\/1"}],"replies":[{"embeddable":true,"href":"http:\/\/micheleleho.fr\/Anacrouse\/index.php?rest_route=%2Fwp%2Fv2%2Fcomments&post=40"}],"version-history":[{"count":8,"href":"http:\/\/micheleleho.fr\/Anacrouse\/index.php?rest_route=\/wp\/v2\/pages\/40\/revisions"}],"predecessor-version":[{"id":541,"href":"http:\/\/micheleleho.fr\/Anacrouse\/index.php?rest_route=\/wp\/v2\/pages\/40\/revisions\/541"}],"wp:attachment":[{"href":"http:\/\/micheleleho.fr\/Anacrouse\/index.php?rest_route=%2Fwp%2Fv2%2Fmedia&parent=40"}],"curies":[{"name":"wp","href":"https:\/\/api.w.org\/{rel}","templated":true}]}}