{"id":418,"date":"2019-08-10T16:31:13","date_gmt":"2019-08-10T15:31:13","guid":{"rendered":"http:\/\/micheleleho.fr\/Anacrouse\/?page_id=418"},"modified":"2020-02-21T22:36:31","modified_gmt":"2020-02-21T21:36:31","slug":"nos-references","status":"publish","type":"page","link":"http:\/\/micheleleho.fr\/Anacrouse\/?page_id=418","title":{"rendered":"Nos r\u00e9f\u00e9rences"},"content":{"rendered":"\n<div class=\"wp-block-columns is-layout-flex wp-container-core-columns-is-layout-9d6595d7 wp-block-columns-is-layout-flex\">\n<div class=\"wp-block-column is-vertically-aligned-center is-layout-flow wp-block-column-is-layout-flow\" style=\"flex-basis:33.33%\">\n<figure class=\"wp-block-image size-large\"><img loading=\"lazy\" decoding=\"async\" width=\"1024\" height=\"682\" src=\"http:\/\/micheleleho.fr\/Anacrouse\/wp-content\/uploads\/DSI_2221-1024x682.jpg\" alt=\"\" class=\"wp-image-128\" srcset=\"http:\/\/micheleleho.fr\/Anacrouse\/wp-content\/uploads\/DSI_2221-1024x682.jpg 1024w, http:\/\/micheleleho.fr\/Anacrouse\/wp-content\/uploads\/DSI_2221-300x200.jpg 300w, http:\/\/micheleleho.fr\/Anacrouse\/wp-content\/uploads\/DSI_2221-750x500.jpg 750w\" sizes=\"auto, (max-width: 1024px) 100vw, 1024px\" \/><\/figure>\n\n\n\n<p class=\"has-text-align-center\"><a href=\"http:\/\/micheleleho.fr\/Anacrouse\/?page_id=40\">Pour nous contacter, cliquez ici<\/a><\/p>\n<\/div>\n\n\n\n<div class=\"wp-block-column is-layout-flow wp-block-column-is-layout-flow\" style=\"flex-basis:66.66%\">\n<ul class=\"wp-block-list\"><li><strong>Feria de N\u00eemes (30)<\/strong><\/li><li><strong>Bagnols-sur-C\u00e8ze : Festival Breizland<br>en 1\u00e8re partie de Tri Yann<\/strong><\/li><li><strong>Ar\u00e8nes de Milhaud (30)<\/strong><\/li><li><strong>Centre culturel de Velaux (13)<\/strong><\/li><li><strong>Cercle Celtique du Gard (N\u00eemes)<\/strong><\/li><li><strong>Manade de Vestric (30)<\/strong><\/li><li><strong>Salle des f\u00eates de Teyran (34)<\/strong><\/li><li><strong>Salle des F\u00eates de Murviel-l\u00e8s-Montpellier (34)<\/strong><\/li><li><strong>Saint-Patrick \u00e0 St-Genies-de-Malgoires (30)<\/strong><\/li><li><strong>Week-end Equitable \u00e0 Valleraugue (30)<\/strong><\/li><li><strong>Apt (84)<\/strong><\/li><li><strong>Ar\u00e8nes de Manduel (30)<\/strong><\/li><li><strong>Salle des f\u00eates de Clarensac (30)<\/strong><\/li><li><strong>F\u00eate de l\u2019Automne \u00e0 Monteux (84)<\/strong><\/li><li><strong>Trad\u2019Hivernales de Sommi\u00e8res (30)<\/strong><\/li><li><strong>Festival A fleur de Peau de Carmaux (81)<br>1\u00e8re partie du groupe Yeux Noirs<\/strong><\/li><li><strong>Office du Tourisme de Font Romeu (66)<\/strong><\/li><li><strong>Av\u00e8ne Comm. de Comm Orb et Garavezon (34)<\/strong><\/li><li><strong>Lamelouze, (Comm. de Communes Pays Grand-Combien)&#8230;<\/strong><\/li><li><strong>Th\u00e9\u00e2tre Christian Liger &#8211; N\u00eemes<\/strong><\/li><\/ul>\n<\/div>\n<\/div>\n","protected":false},"excerpt":{"rendered":"<p>Pour nous contacter, cliquez ici Feria de N\u00eemes (30) Bagnols-sur-C\u00e8ze : Festival Breizlanden 1\u00e8re partie de Tri Yann Ar\u00e8nes de Milhaud (30) Centre culturel de Velaux (13) Cercle Celtique du <a href=\"http:\/\/micheleleho.fr\/Anacrouse\/?page_id=418\" class=\"more-link\">[&hellip;]<\/a><\/p>\n","protected":false},"author":1,"featured_media":0,"parent":0,"menu_order":0,"comment_status":"closed","ping_status":"closed","template":"","meta":{"advgb_blocks_editor_width":"","advgb_blocks_columns_visual_guide":"","Layout":"1c","footnotes":""},"class_list":["entry","author-admin","post-418","page","type-page","status-publish"],"coauthors":[],"author_meta":{"author_link":"http:\/\/micheleleho.fr\/Anacrouse\/?author=1","display_name":"admin"},"relative_dates":{"created":"Publi\u00e9 7 ans il y a","modified":"Mis \u00e0 jour 6 ans il y a"},"absolute_dates":{"created":"Publi\u00e9 le 10 ao\u00fbt 2019","modified":"Mise \u00e0 jour le 21 f\u00e9vrier 2020"},"absolute_dates_time":{"created":"Publi\u00e9 le 10 ao\u00fbt 2019 16 h 31 min","modified":"Mise \u00e0 jour le 21 f\u00e9vrier 2020 22 h 36 min"},"featured_img_caption":"","featured_img":false,"series_order":"","_links":{"self":[{"href":"http:\/\/micheleleho.fr\/Anacrouse\/index.php?rest_route=\/wp\/v2\/pages\/418","targetHints":{"allow":["GET"]}}],"collection":[{"href":"http:\/\/micheleleho.fr\/Anacrouse\/index.php?rest_route=\/wp\/v2\/pages"}],"about":[{"href":"http:\/\/micheleleho.fr\/Anacrouse\/index.php?rest_route=\/wp\/v2\/types\/page"}],"author":[{"embeddable":true,"href":"http:\/\/micheleleho.fr\/Anacrouse\/index.php?rest_route=\/wp\/v2\/users\/1"}],"replies":[{"embeddable":true,"href":"http:\/\/micheleleho.fr\/Anacrouse\/index.php?rest_route=%2Fwp%2Fv2%2Fcomments&post=418"}],"version-history":[{"count":7,"href":"http:\/\/micheleleho.fr\/Anacrouse\/index.php?rest_route=\/wp\/v2\/pages\/418\/revisions"}],"predecessor-version":[{"id":545,"href":"http:\/\/micheleleho.fr\/Anacrouse\/index.php?rest_route=\/wp\/v2\/pages\/418\/revisions\/545"}],"wp:attachment":[{"href":"http:\/\/micheleleho.fr\/Anacrouse\/index.php?rest_route=%2Fwp%2Fv2%2Fmedia&parent=418"}],"curies":[{"name":"wp","href":"https:\/\/api.w.org\/{rel}","templated":true}]}}