{"id":6,"date":"2014-04-24T19:18:50","date_gmt":"2014-04-24T18:18:50","guid":{"rendered":"http:\/\/www.anacrouse-celtique.fr\/?page_id=2"},"modified":"2019-10-02T22:38:07","modified_gmt":"2019-10-02T21:38:07","slug":"page-d-exemple-2","status":"publish","type":"page","link":"http:\/\/micheleleho.fr\/Anacrouse\/","title":{"rendered":"Concert celtique, Fest-noz"},"content":{"rendered":"\n<div class=\"wp-block-advgb-columns advgb-columns-wrapper\"><div class=\"advgb-columns advgb-is-mobile columns-valign-middle advgb-columns-3 layout-14-12-14 tbl-layout-stacked mbl-layout-stacked vgutter-10\" id=\"advgb-cols-855a49e5-67d4-4295-9c87-6fcff4bb9557\">\n<div class=\"wp-block-advgb-column advgb-column advgb-is-one-quarter-desktop advgb-is-full-tablet advgb-is-full-mobile\" id=\"advgb-col-95c4cda0-d318-47b8-aa20-6f5bb25adff6\"><div class=\"advgb-column-inner\" style=\"border-style:none;border-width:1px\">\n<div class=\"wp-block-image\"><figure class=\"aligncenter size-large\"><img loading=\"lazy\" decoding=\"async\" width=\"200\" height=\"150\" src=\"http:\/\/micheleleho.fr\/Anacrouse\/wp-content\/uploads\/accordeon.png\" alt=\"\" class=\"wp-image-124\" srcset=\"http:\/\/micheleleho.fr\/Anacrouse\/wp-content\/uploads\/accordeon.png 200w, http:\/\/micheleleho.fr\/Anacrouse\/wp-content\/uploads\/accordeon-175x131.png 175w\" sizes=\"auto, (max-width: 200px) 100vw, 200px\" \/><\/figure><\/div>\n<\/div><\/div>\n\n\n\n<div class=\"wp-block-advgb-column advgb-column advgb-is-half-desktop advgb-is-full-tablet advgb-is-full-mobile\" id=\"advgb-col-548f5db7-1c15-43c5-9b67-76abda2c4cce\"><div class=\"advgb-column-inner\" style=\"border-style:none;border-width:1px\">\n<h4 class=\"has-text-align-center wp-block-heading\">Concert celtique<\/h4>\n\n\n\n<p class=\"has-text-align-center\">musique irlandaise,<br>chants celtiques,<br>ballades irlandaises,<br>chants de marin <\/p>\n\n\n\n<h4 class=\"has-text-align-center wp-block-heading\"> Fest-noz <\/h4>\n\n\n\n<p class=\"has-text-align-center\">bal breton<\/p>\n<\/div><\/div>\n\n\n\n<div class=\"wp-block-advgb-column advgb-column advgb-is-one-quarter-desktop advgb-is-full-tablet advgb-is-full-mobile\" id=\"advgb-col-8bd2f9de-74db-43f0-b993-2db475bce8bb\"><div class=\"advgb-column-inner\" style=\"border-style:none;border-width:1px\">\n<div class=\"wp-block-image\"><figure class=\"aligncenter size-large\"><img loading=\"lazy\" decoding=\"async\" width=\"200\" height=\"174\" src=\"http:\/\/micheleleho.fr\/Anacrouse\/wp-content\/uploads\/guitare.png\" alt=\"\" class=\"wp-image-127\"\/><\/figure><\/div>\n<\/div><\/div>\n<\/div><\/div>\n\n\n\n<div style=\"height:20px\" aria-hidden=\"true\" class=\"wp-block-spacer\"><\/div>\n\n\n\n<div class=\"wp-block-advgb-columns advgb-columns-wrapper\"><div class=\"advgb-columns advgb-is-mobile columns-valign-middle advgb-columns-2 layout-23-13 tbl-layout-stacked mbl-layout-stacked vgutter-10\" id=\"advgb-cols-0fb89fbb-4462-41e1-90a4-607ae3a44990\">\n<div class=\"wp-block-advgb-column advgb-column advgb-is-two-thirds-desktop advgb-is-full-tablet advgb-is-full-mobile\" id=\"advgb-col-045e9a95-8d5f-40dd-943b-12196869e20c\"><div class=\"advgb-column-inner\" style=\"border-style:none;border-width:1px\">\n<p><a href=\"http:\/\/micheleleho.fr\/Anacrouse\/?page_id=22\"><strong>Laurent Cheyssial<\/strong><br><\/a>hautbois + fl\u00fbtes irlandaises + cornemuse + grailla + voix<\/p>\n\n\n\n<p><strong><a href=\"http:\/\/micheleleho.fr\/Anacrouse\/?page_id=22\">Mich\u00e8le L\u00e9ho<\/a><\/strong><br>chant + guitare + percussions + harmonicas<\/p>\n\n\n\n<p><strong><a href=\"http:\/\/micheleleho.fr\/Anacrouse\/?page_id=22\">Billy Roux<\/a><\/strong><br>accord\u00e9on diatonique + psalt\u00e9rion + percussions + cuill\u00e8res + voix<\/p>\n\n\n\n<div class=\"wp-block-columns is-layout-flex wp-container-core-columns-is-layout-9d6595d7 wp-block-columns-is-layout-flex\">\n<div class=\"wp-block-column is-layout-flow wp-block-column-is-layout-flow\">\n<div class=\"wp-block-image\"><figure class=\"aligncenter size-large\"><img loading=\"lazy\" decoding=\"async\" width=\"200\" height=\"140\" src=\"http:\/\/micheleleho.fr\/Anacrouse\/wp-content\/uploads\/cornemuse.png\" alt=\"\" class=\"wp-image-126\"\/><\/figure><\/div>\n<\/div>\n\n\n\n<div class=\"wp-block-column is-layout-flow wp-block-column-is-layout-flow\">\n<div class=\"wp-block-image\"><figure class=\"aligncenter size-large\"><img loading=\"lazy\" decoding=\"async\" width=\"200\" height=\"144\" src=\"http:\/\/micheleleho.fr\/Anacrouse\/wp-content\/uploads\/bombarde.png\" alt=\"\" class=\"wp-image-125\"\/><\/figure><\/div>\n<\/div>\n<\/div>\n<\/div><\/div>\n\n\n\n<div class=\"wp-block-advgb-column advgb-column advgb-is-one-third-desktop advgb-is-full-tablet advgb-is-full-mobile\" id=\"advgb-col-04b9d940-324a-4617-82d7-c503dac41ae6\"><div class=\"advgb-column-inner\" style=\"border-style:none;border-width:1px\">\n<figure class=\"wp-block-image size-full is-style-default\"><img loading=\"lazy\" decoding=\"async\" width=\"3594\" height=\"2396\" src=\"http:\/\/micheleleho.fr\/Anacrouse\/wp-content\/uploads\/DSI_2221.jpg\" alt=\"\" class=\"wp-image-128\" srcset=\"http:\/\/micheleleho.fr\/Anacrouse\/wp-content\/uploads\/DSI_2221.jpg 3594w, http:\/\/micheleleho.fr\/Anacrouse\/wp-content\/uploads\/DSI_2221-300x200.jpg 300w, http:\/\/micheleleho.fr\/Anacrouse\/wp-content\/uploads\/DSI_2221-1024x682.jpg 1024w, http:\/\/micheleleho.fr\/Anacrouse\/wp-content\/uploads\/DSI_2221-750x500.jpg 750w\" sizes=\"auto, (max-width: 3594px) 100vw, 3594px\" \/><\/figure>\n\n\n\n<blockquote class=\"wp-block-quote is-style-default is-layout-flow wp-block-quote-is-layout-flow\"><p>\u00ab\u00a0Trio (n\u00eemois) remarquable : ambiance tr\u00e8s festive, \u00e9nergie, niaque et fourmis dans les jambes !&#8230;\u00a0\u00bb<\/p><cite> Midi Libre <\/cite><\/blockquote>\n<\/div><\/div>\n<\/div><\/div>\n<style class=\"advgb-styles-renderer\">#advgb-col-95c4cda0-d318-47b8-aa20-6f5bb25adff6>.advgb-column-inner{}@media screen and (max-width: 1023px) {#advgb-col-95c4cda0-d318-47b8-aa20-6f5bb25adff6>.advgb-column-inner{}}@media screen and (max-width: 767px) {#advgb-col-95c4cda0-d318-47b8-aa20-6f5bb25adff6>.advgb-column-inner{}}#advgb-col-548f5db7-1c15-43c5-9b67-76abda2c4cce>.advgb-column-inner{}@media screen and (max-width: 1023px) {#advgb-col-548f5db7-1c15-43c5-9b67-76abda2c4cce>.advgb-column-inner{}}@media screen and (max-width: 767px) {#advgb-col-548f5db7-1c15-43c5-9b67-76abda2c4cce>.advgb-column-inner{}}#advgb-col-8bd2f9de-74db-43f0-b993-2db475bce8bb>.advgb-column-inner{}@media screen and (max-width: 1023px) {#advgb-col-8bd2f9de-74db-43f0-b993-2db475bce8bb>.advgb-column-inner{}}@media screen and (max-width: 767px) {#advgb-col-8bd2f9de-74db-43f0-b993-2db475bce8bb>.advgb-column-inner{}}#advgb-cols-855a49e5-67d4-4295-9c87-6fcff4bb9557{}@media screen and (max-width: 1023px) {#advgb-cols-855a49e5-67d4-4295-9c87-6fcff4bb9557{}}@media screen and (max-width: 767px) {#advgb-cols-855a49e5-67d4-4295-9c87-6fcff4bb9557{}}#advgb-col-95c4cda0-d318-47b8-aa20-6f5bb25adff6>.advgb-column-inner{}@media screen and (max-width: 1023px) {#advgb-col-95c4cda0-d318-47b8-aa20-6f5bb25adff6>.advgb-column-inner{}}@media screen and (max-width: 767px) {#advgb-col-95c4cda0-d318-47b8-aa20-6f5bb25adff6>.advgb-column-inner{}}#advgb-col-548f5db7-1c15-43c5-9b67-76abda2c4cce>.advgb-column-inner{}@media screen and (max-width: 1023px) {#advgb-col-548f5db7-1c15-43c5-9b67-76abda2c4cce>.advgb-column-inner{}}@media screen and (max-width: 767px) {#advgb-col-548f5db7-1c15-43c5-9b67-76abda2c4cce>.advgb-column-inner{}}#advgb-col-8bd2f9de-74db-43f0-b993-2db475bce8bb>.advgb-column-inner{}@media screen and (max-width: 1023px) {#advgb-col-8bd2f9de-74db-43f0-b993-2db475bce8bb>.advgb-column-inner{}}@media screen and (max-width: 767px) {#advgb-col-8bd2f9de-74db-43f0-b993-2db475bce8bb>.advgb-column-inner{}}#advgb-col-045e9a95-8d5f-40dd-943b-12196869e20c>.advgb-column-inner{}@media screen and (max-width: 1023px) {#advgb-col-045e9a95-8d5f-40dd-943b-12196869e20c>.advgb-column-inner{}}@media screen and (max-width: 767px) {#advgb-col-045e9a95-8d5f-40dd-943b-12196869e20c>.advgb-column-inner{}}#advgb-col-04b9d940-324a-4617-82d7-c503dac41ae6>.advgb-column-inner{}@media screen and (max-width: 1023px) {#advgb-col-04b9d940-324a-4617-82d7-c503dac41ae6>.advgb-column-inner{}}@media screen and (max-width: 767px) {#advgb-col-04b9d940-324a-4617-82d7-c503dac41ae6>.advgb-column-inner{}}#advgb-cols-0fb89fbb-4462-41e1-90a4-607ae3a44990{}@media screen and (max-width: 1023px) {#advgb-cols-0fb89fbb-4462-41e1-90a4-607ae3a44990{}}@media screen and (max-width: 767px) {#advgb-cols-0fb89fbb-4462-41e1-90a4-607ae3a44990{}}#advgb-col-045e9a95-8d5f-40dd-943b-12196869e20c>.advgb-column-inner{}@media screen and (max-width: 1023px) {#advgb-col-045e9a95-8d5f-40dd-943b-12196869e20c>.advgb-column-inner{}}@media screen and (max-width: 767px) {#advgb-col-045e9a95-8d5f-40dd-943b-12196869e20c>.advgb-column-inner{}}#advgb-col-04b9d940-324a-4617-82d7-c503dac41ae6>.advgb-column-inner{}@media screen and (max-width: 1023px) {#advgb-col-04b9d940-324a-4617-82d7-c503dac41ae6>.advgb-column-inner{}}@media screen and (max-width: 767px) {#advgb-col-04b9d940-324a-4617-82d7-c503dac41ae6>.advgb-column-inner{}}<\/style>","protected":false},"excerpt":{"rendered":"","protected":false},"author":1,"featured_media":0,"parent":0,"menu_order":0,"comment_status":"closed","ping_status":"closed","template":"","meta":{"advgb_blocks_editor_width":"","advgb_blocks_columns_visual_guide":"","Layout":"1c","footnotes":""},"class_list":["entry","author-admin","post-6","page","type-page","status-publish"],"coauthors":[],"author_meta":{"author_link":"http:\/\/micheleleho.fr\/Anacrouse\/?author=1","display_name":"admin"},"relative_dates":{"created":"Publi\u00e9 12 ans il y a","modified":"Mis \u00e0 jour 7 ans il y a"},"absolute_dates":{"created":"Publi\u00e9 le 24 avril 2014","modified":"Mise \u00e0 jour le 2 octobre 2019"},"absolute_dates_time":{"created":"Publi\u00e9 le 24 avril 2014 19 h 18 min","modified":"Mise \u00e0 jour le 2 octobre 2019 22 h 38 min"},"featured_img_caption":"","featured_img":false,"series_order":"","_links":{"self":[{"href":"http:\/\/micheleleho.fr\/Anacrouse\/index.php?rest_route=\/wp\/v2\/pages\/6","targetHints":{"allow":["GET"]}}],"collection":[{"href":"http:\/\/micheleleho.fr\/Anacrouse\/index.php?rest_route=\/wp\/v2\/pages"}],"about":[{"href":"http:\/\/micheleleho.fr\/Anacrouse\/index.php?rest_route=\/wp\/v2\/types\/page"}],"author":[{"embeddable":true,"href":"http:\/\/micheleleho.fr\/Anacrouse\/index.php?rest_route=\/wp\/v2\/users\/1"}],"replies":[{"embeddable":true,"href":"http:\/\/micheleleho.fr\/Anacrouse\/index.php?rest_route=%2Fwp%2Fv2%2Fcomments&post=6"}],"version-history":[{"count":26,"href":"http:\/\/micheleleho.fr\/Anacrouse\/index.php?rest_route=\/wp\/v2\/pages\/6\/revisions"}],"predecessor-version":[{"id":546,"href":"http:\/\/micheleleho.fr\/Anacrouse\/index.php?rest_route=\/wp\/v2\/pages\/6\/revisions\/546"}],"wp:attachment":[{"href":"http:\/\/micheleleho.fr\/Anacrouse\/index.php?rest_route=%2Fwp%2Fv2%2Fmedia&parent=6"}],"curies":[{"name":"wp","href":"https:\/\/api.w.org\/{rel}","templated":true}]}}